{"id":325,"date":"2017-06-17T16:15:20","date_gmt":"2017-06-17T14:15:20","guid":{"rendered":"http:\/\/www2.u-szeged.hu\/ezk\/?page_id=325"},"modified":"2019-12-23T13:44:01","modified_gmt":"2019-12-23T12:44:01","slug":"zenesziget-applikacio","status":"publish","type":"page","link":"http:\/\/www2.u-szeged.hu\/ezk\/zenesziget-applikacio\/","title":{"rendered":"Zenesziget applik\u00e1ci\u00f3"},"content":{"rendered":"<p>N\u00e9h\u00e1ny k\u00e9perny\u0151k\u00e9p a Zenesziget applik\u00e1ci\u00f3b\u00f3l. A program a Google Play \u00c1ruh\u00e1zban <a href=\"https:\/\/play.google.com\/store\/apps\/details?id=szeged.musicapp\" target=\"_blank\" rel=\"noopener noreferrer\">itt<\/a> el\u00e9rhet\u0151. Ha program PC-n futtathat\u00f3 verzi\u00f3j\u00e1t szeretn\u00e9 haszn\u00e1lni, <a href=\"https:\/\/szegedikonzi-my.sharepoint.com\/:u:\/g\/personal\/szabonorbert_szegedikonzi_hu\/EdnRzlhAZeREvg-Zr2q6QfEBRce-5i5DaoE3MX586R_D5Q?e=ZDdDf3\" target=\"_blank\" rel=\"noopener noreferrer\">ezt<\/a> a f\u00e1jlt t\u00f6ltse le. Kicsomagol\u00e1s ut\u00e1n, &#8211; telep\u00edt\u00e9s n\u00e9lk\u00fcl &#8211; a\u00a0<strong>zenesziget_pc.exe<\/strong>\u00a0f\u00e1jl futtat\u00e1s\u00e1val ind\u00edthat\u00f3 a program. Weboldalon kereszt\u00fcl is futtathat\u00f3 WebGL k\u00f6rnyezetben, ennek el\u00e9r\u00e9s\u00e9hez kattintson <a href=\"http:\/\/www.zenesziget.eu\" target=\"_blank\" rel=\"noopener noreferrer\">ide<\/a>.<\/p>\n<p><a href=\"http:\/\/www2.u-szeged.hu\/ezk\/wp-content\/uploads\/2017\/06\/01_Nyit\u00f3oldal.jpg\"><img loading=\"lazy\" class=\"size-medium wp-image-326 aligncenter\" src=\"http:\/\/www2.u-szeged.hu\/ezk\/wp-content\/uploads\/2017\/06\/01_Nyit\u00f3oldal-300x188.jpg\" alt=\"\" width=\"300\" height=\"188\" srcset=\"http:\/\/www2.u-szeged.hu\/ezk\/wp-content\/uploads\/2017\/06\/01_Nyit\u00f3oldal-300x188.jpg 300w, http:\/\/www2.u-szeged.hu\/ezk\/wp-content\/uploads\/2017\/06\/01_Nyit\u00f3oldal-768x481.jpg 768w, http:\/\/www2.u-szeged.hu\/ezk\/wp-content\/uploads\/2017\/06\/01_Nyit\u00f3oldal-1024x642.jpg 1024w, http:\/\/www2.u-szeged.hu\/ezk\/wp-content\/uploads\/2017\/06\/01_Nyit\u00f3oldal.jpg 1920w\" sizes=\"(max-width: 300px) 100vw, 300px\" \/><\/a><\/p>\n<p><a href=\"http:\/\/www2.u-szeged.hu\/ezk\/wp-content\/uploads\/2017\/06\/02_Sziget_a.jpg\"><img loading=\"lazy\" class=\"size-medium wp-image-327 aligncenter\" src=\"http:\/\/www2.u-szeged.hu\/ezk\/wp-content\/uploads\/2017\/06\/02_Sziget_a-300x188.jpg\" alt=\"\" width=\"300\" height=\"188\" srcset=\"http:\/\/www2.u-szeged.hu\/ezk\/wp-content\/uploads\/2017\/06\/02_Sziget_a-300x188.jpg 300w, http:\/\/www2.u-szeged.hu\/ezk\/wp-content\/uploads\/2017\/06\/02_Sziget_a-768x482.jpg 768w, http:\/\/www2.u-szeged.hu\/ezk\/wp-content\/uploads\/2017\/06\/02_Sziget_a-1024x642.jpg 1024w, http:\/\/www2.u-szeged.hu\/ezk\/wp-content\/uploads\/2017\/06\/02_Sziget_a.jpg 1894w\" sizes=\"(max-width: 300px) 100vw, 300px\" \/><\/a><\/p>\n<p><a href=\"http:\/\/www2.u-szeged.hu\/ezk\/wp-content\/uploads\/2017\/06\/04_Hangerd\u0151_01_nyit\u00f3.jpg\"><img loading=\"lazy\" class=\"size-medium wp-image-328 aligncenter\" src=\"http:\/\/www2.u-szeged.hu\/ezk\/wp-content\/uploads\/2017\/06\/04_Hangerd\u0151_01_nyit\u00f3-300x188.jpg\" alt=\"\" width=\"300\" height=\"188\" srcset=\"http:\/\/www2.u-szeged.hu\/ezk\/wp-content\/uploads\/2017\/06\/04_Hangerd\u0151_01_nyit\u00f3-300x188.jpg 300w, http:\/\/www2.u-szeged.hu\/ezk\/wp-content\/uploads\/2017\/06\/04_Hangerd\u0151_01_nyit\u00f3-768x480.jpg 768w, http:\/\/www2.u-szeged.hu\/ezk\/wp-content\/uploads\/2017\/06\/04_Hangerd\u0151_01_nyit\u00f3-1024x640.jpg 1024w, http:\/\/www2.u-szeged.hu\/ezk\/wp-content\/uploads\/2017\/06\/04_Hangerd\u0151_01_nyit\u00f3.jpg 1920w\" sizes=\"(max-width: 300px) 100vw, 300px\" \/><\/a><\/p>\n<p><a href=\"http:\/\/www2.u-szeged.hu\/ezk\/wp-content\/uploads\/2017\/06\/04_Hangerd\u0151_02_H\u00e1zi-\u00e1llatok.jpg\"><img loading=\"lazy\" class=\"size-medium wp-image-329 aligncenter\" src=\"http:\/\/www2.u-szeged.hu\/ezk\/wp-content\/uploads\/2017\/06\/04_Hangerd\u0151_02_H\u00e1zi-\u00e1llatok-300x188.jpg\" alt=\"\" width=\"300\" height=\"188\" srcset=\"http:\/\/www2.u-szeged.hu\/ezk\/wp-content\/uploads\/2017\/06\/04_Hangerd\u0151_02_H\u00e1zi-\u00e1llatok-300x188.jpg 300w, http:\/\/www2.u-szeged.hu\/ezk\/wp-content\/uploads\/2017\/06\/04_Hangerd\u0151_02_H\u00e1zi-\u00e1llatok-768x480.jpg 768w, http:\/\/www2.u-szeged.hu\/ezk\/wp-content\/uploads\/2017\/06\/04_Hangerd\u0151_02_H\u00e1zi-\u00e1llatok.jpg 961w\" sizes=\"(max-width: 300px) 100vw, 300px\" \/><\/a><\/p>\n<p><a href=\"http:\/\/www2.u-szeged.hu\/ezk\/wp-content\/uploads\/2017\/06\/04_hangerd\u00f6_hangszerek.jpg\"><img loading=\"lazy\" class=\"size-medium wp-image-330 aligncenter\" src=\"http:\/\/www2.u-szeged.hu\/ezk\/wp-content\/uploads\/2017\/06\/04_hangerd\u00f6_hangszerek-300x188.jpg\" alt=\"\" width=\"300\" height=\"188\" srcset=\"http:\/\/www2.u-szeged.hu\/ezk\/wp-content\/uploads\/2017\/06\/04_hangerd\u00f6_hangszerek-300x188.jpg 300w, http:\/\/www2.u-szeged.hu\/ezk\/wp-content\/uploads\/2017\/06\/04_hangerd\u00f6_hangszerek-768x481.jpg 768w, http:\/\/www2.u-szeged.hu\/ezk\/wp-content\/uploads\/2017\/06\/04_hangerd\u00f6_hangszerek-1024x641.jpg 1024w, http:\/\/www2.u-szeged.hu\/ezk\/wp-content\/uploads\/2017\/06\/04_hangerd\u00f6_hangszerek.jpg 1920w\" sizes=\"(max-width: 300px) 100vw, 300px\" \/><\/a><\/p>\n<p><a href=\"http:\/\/www2.u-szeged.hu\/ezk\/wp-content\/uploads\/2017\/06\/04_j\u00e1t\u00e9kkuck\u00f3_full.jpg\"><img loading=\"lazy\" class=\"size-medium wp-image-331 aligncenter\" src=\"http:\/\/www2.u-szeged.hu\/ezk\/wp-content\/uploads\/2017\/06\/04_j\u00e1t\u00e9kkuck\u00f3_full-300x188.jpg\" alt=\"\" width=\"300\" height=\"188\" srcset=\"http:\/\/www2.u-szeged.hu\/ezk\/wp-content\/uploads\/2017\/06\/04_j\u00e1t\u00e9kkuck\u00f3_full-300x188.jpg 300w, http:\/\/www2.u-szeged.hu\/ezk\/wp-content\/uploads\/2017\/06\/04_j\u00e1t\u00e9kkuck\u00f3_full-768x480.jpg 768w, http:\/\/www2.u-szeged.hu\/ezk\/wp-content\/uploads\/2017\/06\/04_j\u00e1t\u00e9kkuck\u00f3_full-1024x641.jpg 1024w, http:\/\/www2.u-szeged.hu\/ezk\/wp-content\/uploads\/2017\/06\/04_j\u00e1t\u00e9kkuck\u00f3_full.jpg 1920w\" sizes=\"(max-width: 300px) 100vw, 300px\" \/><\/a><\/p>\n<p><a href=\"http:\/\/www2.u-szeged.hu\/ezk\/wp-content\/uploads\/2017\/06\/04c_Jatekkucko_domino_03.jpg\"><img loading=\"lazy\" class=\"size-medium wp-image-332 aligncenter\" src=\"http:\/\/www2.u-szeged.hu\/ezk\/wp-content\/uploads\/2017\/06\/04c_Jatekkucko_domino_03-300x188.jpg\" alt=\"\" width=\"300\" height=\"188\" srcset=\"http:\/\/www2.u-szeged.hu\/ezk\/wp-content\/uploads\/2017\/06\/04c_Jatekkucko_domino_03-300x188.jpg 300w, http:\/\/www2.u-szeged.hu\/ezk\/wp-content\/uploads\/2017\/06\/04c_Jatekkucko_domino_03-768x480.jpg 768w, http:\/\/www2.u-szeged.hu\/ezk\/wp-content\/uploads\/2017\/06\/04c_Jatekkucko_domino_03-1024x640.jpg 1024w, http:\/\/www2.u-szeged.hu\/ezk\/wp-content\/uploads\/2017\/06\/04c_Jatekkucko_domino_03.jpg 1920w\" sizes=\"(max-width: 300px) 100vw, 300px\" \/><\/a><\/p>\n<p><a href=\"http:\/\/www2.u-szeged.hu\/ezk\/wp-content\/uploads\/2017\/06\/04d_Zenevonat.jpg\"><img loading=\"lazy\" class=\"size-medium wp-image-333 aligncenter\" src=\"http:\/\/www2.u-szeged.hu\/ezk\/wp-content\/uploads\/2017\/06\/04d_Zenevonat-300x188.jpg\" alt=\"\" width=\"300\" height=\"188\" srcset=\"http:\/\/www2.u-szeged.hu\/ezk\/wp-content\/uploads\/2017\/06\/04d_Zenevonat-300x188.jpg 300w, http:\/\/www2.u-szeged.hu\/ezk\/wp-content\/uploads\/2017\/06\/04d_Zenevonat-768x480.jpg 768w, http:\/\/www2.u-szeged.hu\/ezk\/wp-content\/uploads\/2017\/06\/04d_Zenevonat-1024x640.jpg 1024w, http:\/\/www2.u-szeged.hu\/ezk\/wp-content\/uploads\/2017\/06\/04d_Zenevonat.jpg 1920w\" sizes=\"(max-width: 300px) 100vw, 300px\" \/><\/a><\/p>\n<p><a href=\"http:\/\/www2.u-szeged.hu\/ezk\/wp-content\/uploads\/2017\/06\/07_abc.jpg\"><img loading=\"lazy\" class=\"size-medium wp-image-334 aligncenter\" src=\"http:\/\/www2.u-szeged.hu\/ezk\/wp-content\/uploads\/2017\/06\/07_abc-300x188.jpg\" alt=\"\" width=\"300\" height=\"188\" srcset=\"http:\/\/www2.u-szeged.hu\/ezk\/wp-content\/uploads\/2017\/06\/07_abc-300x188.jpg 300w, http:\/\/www2.u-szeged.hu\/ezk\/wp-content\/uploads\/2017\/06\/07_abc-768x480.jpg 768w, http:\/\/www2.u-szeged.hu\/ezk\/wp-content\/uploads\/2017\/06\/07_abc-1024x640.jpg 1024w, http:\/\/www2.u-szeged.hu\/ezk\/wp-content\/uploads\/2017\/06\/07_abc.jpg 1921w\" sizes=\"(max-width: 300px) 100vw, 300px\" \/><\/a><\/p>\n","protected":false},"excerpt":{"rendered":"<p>N\u00e9h\u00e1ny k\u00e9perny\u0151k\u00e9p a Zenesziget applik\u00e1ci\u00f3b\u00f3l. A program a Google Play \u00c1ruh\u00e1zban itt el\u00e9rhet\u0151. Ha program PC-n futtathat\u00f3 verzi\u00f3j\u00e1t szeretn\u00e9 haszn\u00e1lni, ezt a f\u00e1jlt t\u00f6ltse le. Kicsomagol\u00e1s ut\u00e1n, &#8211; telep\u00edt\u00e9s n\u00e9lk\u00fcl &#8211; a\u00a0zenesziget_pc.exe\u00a0f\u00e1jl futtat\u00e1s\u00e1val ind\u00edthat\u00f3 a program. Weboldalon kereszt\u00fcl is futtathat\u00f3 WebGL k\u00f6rnyezetben, ennek el\u00e9r\u00e9s\u00e9hez kattintson&nbsp;<a class=\"read-more\" href=\"http:\/\/www2.u-szeged.hu\/ezk\/zenesziget-applikacio\/\">&hellip;<\/a><\/p>\n","protected":false},"author":2,"featured_media":0,"parent":0,"menu_order":0,"comment_status":"closed","ping_status":"closed","template":"","meta":[],"_links":{"self":[{"href":"http:\/\/www2.u-szeged.hu\/ezk\/wp-json\/wp\/v2\/pages\/325"}],"collection":[{"href":"http:\/\/www2.u-szeged.hu\/ezk\/wp-json\/wp\/v2\/pages"}],"about":[{"href":"http:\/\/www2.u-szeged.hu\/ezk\/wp-json\/wp\/v2\/types\/page"}],"author":[{"embeddable":true,"href":"http:\/\/www2.u-szeged.hu\/ezk\/wp-json\/wp\/v2\/users\/2"}],"replies":[{"embeddable":true,"href":"http:\/\/www2.u-szeged.hu\/ezk\/wp-json\/wp\/v2\/comments?post=325"}],"version-history":[{"count":19,"href":"http:\/\/www2.u-szeged.hu\/ezk\/wp-json\/wp\/v2\/pages\/325\/revisions"}],"predecessor-version":[{"id":869,"href":"http:\/\/www2.u-szeged.hu\/ezk\/wp-json\/wp\/v2\/pages\/325\/revisions\/869"}],"wp:attachment":[{"href":"http:\/\/www2.u-szeged.hu\/ezk\/wp-json\/wp\/v2\/media?parent=325"}],"curies":[{"name":"wp","href":"https:\/\/api.w.org\/{rel}","templated":true}]}}