{"id":659,"date":"2018-03-16T19:11:09","date_gmt":"2018-03-16T18:11:09","guid":{"rendered":"http:\/\/www2.u-szeged.hu\/ezk\/?page_id=659"},"modified":"2018-03-16T19:11:09","modified_gmt":"2018-03-16T18:11:09","slug":"la-4-osztaly","status":"publish","type":"page","link":"http:\/\/www2.u-szeged.hu\/ezk\/oktatast-tamogato-segedanyagok\/feladatbank\/learningapps\/la-4-osztaly\/","title":{"rendered":"LA &#8211; 4. oszt\u00e1ly"},"content":{"rendered":"<h4>A tankock\u00e1kat <strong><a href=\"https:\/\/learningapps.org\/user\/g%C3%A9czy%20andrea\" target=\"_blank\" rel=\"noopener\">G\u00e9czy Andrea<\/a><\/strong> k\u00e9sz\u00edtette.<\/h4>\n<h3>Zeneelm\u00e9let<\/h3>\n<p><iframe src=\"https:\/\/learningapps.org\/watch?app=4780875\" style=\"border:0px;width:100%;height:500px\" webkitallowfullscreen=\"true\" mozallowfullscreen=\"true\"><\/iframe><\/p>\n<h3><\/h3>\n<h3>Saint-Sa\u00ebns: \u00c1llatok farsangja<\/h3>\n<p><iframe src=\"https:\/\/learningapps.org\/watch?app=4622919\" style=\"border:0px;width:100%;height:500px\" webkitallowfullscreen=\"true\" mozallowfullscreen=\"true\"><\/iframe><\/p>\n<h3>A gyermek- vagy n\u0151ikar sz\u00f3lamai<\/h3>\n<p><iframe src=\"https:\/\/learningapps.org\/watch?app=4613225\" style=\"border:0px;width:100%;height:500px\" webkitallowfullscreen=\"true\" mozallowfullscreen=\"true\"><\/iframe><\/p>\n<h3>A f\u00e9rfikar sz\u00f3lamai<\/h3>\n<p><iframe src=\"https:\/\/learningapps.org\/watch?app=4613219\" style=\"border:0px;width:100%;height:500px\" webkitallowfullscreen=\"true\" mozallowfullscreen=\"true\"><\/iframe><\/p>\n<h3>Dalsz\u00f6veg\/Sz\u00e9p szakm\u00e1ri<\/h3>\n<p><iframe src=\"https:\/\/learningapps.org\/watch?app=4612759\" style=\"border:0px;width:100%;height:500px\" webkitallowfullscreen=\"true\" mozallowfullscreen=\"true\"><\/iframe><\/p>\n<h3>Dalok ism\u00e9tl\u00e9se<\/h3>\n<p><iframe src=\"https:\/\/learningapps.org\/watch?app=4612626\" style=\"border:0px;width:100%;height:500px\" webkitallowfullscreen=\"true\" mozallowfullscreen=\"true\"><\/iframe><\/p>\n<h3>H\u00e1ry J\u00e1nos<\/h3>\n<p><iframe src=\"https:\/\/learningapps.org\/watch?app=4612013\" style=\"border:0px;width:100%;height:500px\" webkitallowfullscreen=\"true\" mozallowfullscreen=\"true\"><\/iframe><br \/>\n<h3H\u00e1ry J\u00e1nos sz\u00f3keres\u0151<\/h3>\n<p><iframe src=\"https:\/\/learningapps.org\/watch?app=4584559\" style=\"border:0px;width:100%;height:500px\" webkitallowfullscreen=\"true\" mozallowfullscreen=\"true\"><\/iframe><\/p>\n<h3>Zenei ismeretek<\/h3>\n<p><iframe src=\"https:\/\/learningapps.org\/watch?app=4584801\" style=\"border:0px;width:100%;height:500px\" webkitallowfullscreen=\"true\" mozallowfullscreen=\"true\"><\/iframe><\/p>\n<h3>Hangszer keres\u0151<\/h3>\n<p><iframe src=\"https:\/\/learningapps.org\/watch?app=4584730\" style=\"border:0px;width:100%;height:500px\" webkitallowfullscreen=\"true\" mozallowfullscreen=\"true\"><\/iframe><\/p>\n<h3>Elm\u00e9leti ism\u00e9tl\u00e9s<\/h3>\n<p><iframe src=\"https:\/\/learningapps.org\/watch?app=4584650\" style=\"border:0px;width:100%;height:500px\" webkitallowfullscreen=\"true\" mozallowfullscreen=\"true\"><\/iframe><\/p>\n<h3>Hi\u00e1nyos dalsz\u00f6veg<\/h3>\n<p><iframe src=\"https:\/\/learningapps.org\/watch?app=4584273\" style=\"border:0px;width:100%;height:500px\" webkitallowfullscreen=\"true\" mozallowfullscreen=\"true\"><\/iframe><\/p>\n<h3>Dalfelismer\u00e9s<\/h3>\n<p><iframe src=\"https:\/\/learningapps.org\/watch?app=4581763\" style=\"border:0px;width:100%;height:500px\" webkitallowfullscreen=\"true\" mozallowfullscreen=\"true\"><\/iframe><\/p>\n<h3>Ritmusp\u00e1ros\u00edt\u00f3<\/h3>\n<p><iframe src=\"https:\/\/learningapps.org\/watch?app=4581089\" style=\"border:0px;width:100%;height:500px\" webkitallowfullscreen=\"true\" mozallowfullscreen=\"true\"><\/iframe><\/p>\n<h3>Hangszerek<\/h3>\n<p><iframe src=\"https:\/\/learningapps.org\/watch?app=4580321\" style=\"border:0px;width:100%;height:500px\" webkitallowfullscreen=\"true\" mozallowfullscreen=\"true\"><\/iframe><\/p>\n<h3>N\u00e9pdalok<\/h3>\n<p><iframe src=\"https:\/\/learningapps.org\/watch?app=4580302\" style=\"border:0px;width:100%;height:500px\" webkitallowfullscreen=\"true\" mozallowfullscreen=\"true\"><\/iframe><\/p>\n<h3>Zeneelm\u00e9leti ism\u00e9tl\u00e9s<\/h3>\n<p><iframe src=\"https:\/\/learningapps.org\/watch?app=4580167\" style=\"border:0px;width:100%;height:500px\" webkitallowfullscreen=\"true\" mozallowfullscreen=\"true\"><\/iframe><\/p>\n<h3>A Himnusz keletkez\u00e9se<\/h3>\n<p><iframe src=\"https:\/\/learningapps.org\/watch?app=4580009\" style=\"border:0px;width:100%;height:500px\" webkitallowfullscreen=\"true\" mozallowfullscreen=\"true\"><\/iframe><\/p>\n<h3>Zenei ismeretek<\/h3>\n<p><iframe src=\"https:\/\/learningapps.org\/watch?app=4562866\" style=\"border:0px;width:100%;height:500px\" webkitallowfullscreen=\"true\" mozallowfullscreen=\"true\"><\/iframe><\/p>\n<h3>Dalsz\u00f6veg\/L\u00e1tt\u00e1l-e m\u00e1r&#8230;<\/h3>\n<p><iframe src=\"https:\/\/learningapps.org\/watch?app=4562155\" style=\"border:0px;width:100%;height:500px\" webkitallowfullscreen=\"true\" mozallowfullscreen=\"true\"><\/iframe><\/p>\n","protected":false},"excerpt":{"rendered":"<p>A tankock\u00e1kat G\u00e9czy Andrea k\u00e9sz\u00edtette. Zeneelm\u00e9let Saint-Sa\u00ebns: \u00c1llatok farsangja A gyermek- vagy n\u0151ikar sz\u00f3lamai A f\u00e9rfikar sz\u00f3lamai Dalsz\u00f6veg\/Sz\u00e9p szakm\u00e1ri Dalok ism\u00e9tl\u00e9se H\u00e1ry J\u00e1nos<\/p>\n","protected":false},"author":2,"featured_media":0,"parent":320,"menu_order":0,"comment_status":"closed","ping_status":"closed","template":"","meta":[],"_links":{"self":[{"href":"http:\/\/www2.u-szeged.hu\/ezk\/wp-json\/wp\/v2\/pages\/659"}],"collection":[{"href":"http:\/\/www2.u-szeged.hu\/ezk\/wp-json\/wp\/v2\/pages"}],"about":[{"href":"http:\/\/www2.u-szeged.hu\/ezk\/wp-json\/wp\/v2\/types\/page"}],"author":[{"embeddable":true,"href":"http:\/\/www2.u-szeged.hu\/ezk\/wp-json\/wp\/v2\/users\/2"}],"replies":[{"embeddable":true,"href":"http:\/\/www2.u-szeged.hu\/ezk\/wp-json\/wp\/v2\/comments?post=659"}],"version-history":[{"count":1,"href":"http:\/\/www2.u-szeged.hu\/ezk\/wp-json\/wp\/v2\/pages\/659\/revisions"}],"predecessor-version":[{"id":660,"href":"http:\/\/www2.u-szeged.hu\/ezk\/wp-json\/wp\/v2\/pages\/659\/revisions\/660"}],"up":[{"embeddable":true,"href":"http:\/\/www2.u-szeged.hu\/ezk\/wp-json\/wp\/v2\/pages\/320"}],"wp:attachment":[{"href":"http:\/\/www2.u-szeged.hu\/ezk\/wp-json\/wp\/v2\/media?parent=659"}],"curies":[{"name":"wp","href":"https:\/\/api.w.org\/{rel}","templated":true}]}}