{"id":8,"date":"2017-02-20T12:54:47","date_gmt":"2017-02-20T12:54:47","guid":{"rendered":"http:\/\/www2.u-szeged.hu\/ezk\/?page_id=8"},"modified":"2017-09-25T00:15:12","modified_gmt":"2017-09-24T22:15:12","slug":"nevjegy","status":"publish","type":"page","link":"http:\/\/www2.u-szeged.hu\/ezk\/nevjegy\/","title":{"rendered":"A projekt"},"content":{"rendered":"<p>Kutat\u00f3csoportunk 2015-ben alakult a Szegedi Tudom\u00e1nyegyetem Zenem\u0171v\u00e9szeti Kar\u00e1nak \u00e9s Nevel\u00e9studom\u00e1nyi Int\u00e9zet\u00e9nek zenepedag\u00f3giai \u00e9s nevel\u00e9studom\u00e1nyi kutat\u00e1sokat folytat\u00f3 oktat\u00f3ib\u00f3l \u00e9s doktoranduszaib\u00f3l. C\u00e9lunk az, hogy a k\u00e9pess\u00e9g- \u00e9s motiv\u00e1ci\u00f3kutat\u00e1sok ter\u00e9n, azokat \u00f6sszehangolva, olyan vizsg\u00e1latokat folytassunk, amelyek hozz\u00e1j\u00e1rulnak a zeneoktat\u00e1s hat\u00e9konys\u00e1g\u00e1nak, elfogadotts\u00e1g\u00e1nak, \u00e9lm\u00e9nyszer\u0171s\u00e9g\u00e9nek n\u00f6vel\u00e9s\u00e9hez. Egy\u00fcttm\u0171k\u00f6d\u00e9s\u00fcnk mindemellett lehet\u0151v\u00e9 teszi, hogy az alap- \u00e9s k\u00f6z\u00e9pfok\u00fa zenei oktat\u00e1s, illetve a zenetan\u00e1rk\u00e9pz\u00e9s sz\u00edntereit is fel\u00f6lelj\u00fck. Fontosnak tartjuk, hogy olyan m\u00f3dszereket dolgozzunk ki, amelyek kiakn\u00e1zz\u00e1k a 21. sz\u00e1zadi technol\u00f3gia ny\u00fajtotta lehet\u0151s\u00e9geket, ugyanakkor \u00e9lm\u00e9nyszer\u0171 zenei tev\u00e9kenys\u00e9geket jelentsenek az \u00e9nek-zenei \u00e9s zenei oktat\u00e1sban, nevel\u00e9sben.<br \/>\nKor\u00e1bbi vizsg\u00e1lataink az iskolai \u00e9nek-zene oktat\u00e1s k\u00f6vetkez\u0151 neuralgikus pontjaira mutatnak r\u00e1:<br \/>\n1. \u00e1ltal\u00e1nos motiv\u00e1latlans\u00e1g<br \/>\n2. jellemz\u0151 a zenei k\u00e9pess\u00e9gekkel \u00f6sszef\u00fcgg\u0151 negat\u00edv \u00e9nk\u00e9p \u00e9s a fejl\u0151d\u00e9s lehet\u0151s\u00e9g\u00e9vel kapcsolatos negat\u00edv attit\u0171d<br \/>\n3. korai, rendszeres zenei nevel\u00e9s hi\u00e1nya<br \/>\n4. a zenei fejleszt\u00e9s szem\u00e9lyis\u00e9gre gyakorolt pozit\u00edv hat\u00e1sainak kiakn\u00e1zatlans\u00e1ga<br \/>\n5. a kottaolvas\u00e1s el\u00e9gtelen elsaj\u00e1t\u00edtotts\u00e1ga, alapkutat\u00e1sok, m\u00f3dszertani meg\u00faj\u00edt\u00e1s sz\u00fcks\u00e9gszer\u0171s\u00e9ge<br \/>\n6. az oktat\u00e1st seg\u00edt\u0151 IKT-eszk\u00f6z\u00f6k lehet\u0151s\u00e9geinek nem megfelel\u0151 kihaszn\u00e1l\u00e1sa, ezekkel kapcsolatos t\u00e1j\u00e9kozatlans\u00e1g.<br \/>\nKutat\u00f3munk\u00e1nkkal az ezeken a ter\u00fcleteken val\u00f3 el\u0151rel\u00e9p\u00e9st szeretn\u00e9nk el\u0151seg\u00edteni.<\/p>\n","protected":false},"excerpt":{"rendered":"<p>Kutat\u00f3csoportunk 2015-ben alakult a Szegedi Tudom\u00e1nyegyetem Zenem\u0171v\u00e9szeti Kar\u00e1nak \u00e9s Nevel\u00e9studom\u00e1nyi Int\u00e9zet\u00e9nek zenepedag\u00f3giai \u00e9s nevel\u00e9studom\u00e1nyi kutat\u00e1sokat folytat\u00f3 oktat\u00f3ib\u00f3l \u00e9s doktoranduszaib\u00f3l. C\u00e9lunk az, hogy a k\u00e9pess\u00e9g- \u00e9s motiv\u00e1ci\u00f3kutat\u00e1sok ter\u00e9n, azokat \u00f6sszehangolva, olyan vizsg\u00e1latokat folytassunk, amelyek hozz\u00e1j\u00e1rulnak a zeneoktat\u00e1s hat\u00e9konys\u00e1g\u00e1nak, elfogadotts\u00e1g\u00e1nak, \u00e9lm\u00e9nyszer\u0171s\u00e9g\u00e9nek n\u00f6vel\u00e9s\u00e9hez. Egy\u00fcttm\u0171k\u00f6d\u00e9s\u00fcnk mindemellett lehet\u0151v\u00e9 teszi, hogy&nbsp;<a class=\"read-more\" href=\"http:\/\/www2.u-szeged.hu\/ezk\/nevjegy\/\">&hellip;<\/a><\/p>\n","protected":false},"author":1,"featured_media":0,"parent":0,"menu_order":0,"comment_status":"closed","ping_status":"closed","template":"","meta":[],"_links":{"self":[{"href":"http:\/\/www2.u-szeged.hu\/ezk\/wp-json\/wp\/v2\/pages\/8"}],"collection":[{"href":"http:\/\/www2.u-szeged.hu\/ezk\/wp-json\/wp\/v2\/pages"}],"about":[{"href":"http:\/\/www2.u-szeged.hu\/ezk\/wp-json\/wp\/v2\/types\/page"}],"author":[{"embeddable":true,"href":"http:\/\/www2.u-szeged.hu\/ezk\/wp-json\/wp\/v2\/users\/1"}],"replies":[{"embeddable":true,"href":"http:\/\/www2.u-szeged.hu\/ezk\/wp-json\/wp\/v2\/comments?post=8"}],"version-history":[{"count":4,"href":"http:\/\/www2.u-szeged.hu\/ezk\/wp-json\/wp\/v2\/pages\/8\/revisions"}],"predecessor-version":[{"id":368,"href":"http:\/\/www2.u-szeged.hu\/ezk\/wp-json\/wp\/v2\/pages\/8\/revisions\/368"}],"wp:attachment":[{"href":"http:\/\/www2.u-szeged.hu\/ezk\/wp-json\/wp\/v2\/media?parent=8"}],"curies":[{"name":"wp","href":"https:\/\/api.w.org\/{rel}","templated":true}]}}