{"id":971,"date":"2021-03-31T11:37:45","date_gmt":"2021-03-31T09:37:45","guid":{"rendered":"http:\/\/www2.u-szeged.hu\/ezk\/?page_id=971"},"modified":"2021-03-31T11:37:45","modified_gmt":"2021-03-31T09:37:45","slug":"modszertan-ujrahangolva","status":"publish","type":"page","link":"http:\/\/www2.u-szeged.hu\/ezk\/oktatast-tamogato-segedanyagok\/modszertan-ujrahangolva\/","title":{"rendered":"M\u00f3dszertan &#8211; &#8220;\u00fajrahangolva&#8221;"},"content":{"rendered":"<p>A kiadv\u00e1ny <a href=\"https:\/\/szegedikonzi-my.sharepoint.com\/:b:\/g\/personal\/mtazmkenek_szegedikonzi_hu\/EXhgH0eKd8pIl6csfRTNHWoBnoiJvNj_LQrEgF1zl_g_XA?e=C812yu\" target=\"_blank\" rel=\"noopener\">itt let\u00f6lthet\u0151<\/a>.<\/p>\n","protected":false},"excerpt":{"rendered":"<p>A kiadv\u00e1ny itt let\u00f6lthet\u0151.<\/p>\n","protected":false},"author":2,"featured_media":0,"parent":380,"menu_order":0,"comment_status":"closed","ping_status":"closed","template":"","meta":[],"_links":{"self":[{"href":"http:\/\/www2.u-szeged.hu\/ezk\/wp-json\/wp\/v2\/pages\/971"}],"collection":[{"href":"http:\/\/www2.u-szeged.hu\/ezk\/wp-json\/wp\/v2\/pages"}],"about":[{"href":"http:\/\/www2.u-szeged.hu\/ezk\/wp-json\/wp\/v2\/types\/page"}],"author":[{"embeddable":true,"href":"http:\/\/www2.u-szeged.hu\/ezk\/wp-json\/wp\/v2\/users\/2"}],"replies":[{"embeddable":true,"href":"http:\/\/www2.u-szeged.hu\/ezk\/wp-json\/wp\/v2\/comments?post=971"}],"version-history":[{"count":1,"href":"http:\/\/www2.u-szeged.hu\/ezk\/wp-json\/wp\/v2\/pages\/971\/revisions"}],"predecessor-version":[{"id":972,"href":"http:\/\/www2.u-szeged.hu\/ezk\/wp-json\/wp\/v2\/pages\/971\/revisions\/972"}],"up":[{"embeddable":true,"href":"http:\/\/www2.u-szeged.hu\/ezk\/wp-json\/wp\/v2\/pages\/380"}],"wp:attachment":[{"href":"http:\/\/www2.u-szeged.hu\/ezk\/wp-json\/wp\/v2\/media?parent=971"}],"curies":[{"name":"wp","href":"https:\/\/api.w.org\/{rel}","templated":true}]}}